{"id":4886,"date":"2015-11-01T15:28:42","date_gmt":"2015-11-01T15:28:42","guid":{"rendered":"http:\/\/holtsagolomuveg.hu\/?page_id=4886"},"modified":"2026-03-15T13:39:54","modified_gmt":"2026-03-15T13:39:54","slug":"home-2","status":"publish","type":"page","link":"https:\/\/holtsagolomuveg.hu\/","title":{"rendered":"Kezd\u0151oldal"},"content":{"rendered":"<p>[super_slides]<\/p>\n<div style=\"position: absolute; left: -4087px;\"><a href=\"https:\/\/betssoncasino.es\/\">betsson<\/a><\/div>\n","protected":false},"excerpt":{"rendered":"<p>[super_slides] betsson<\/p>\n","protected":false},"author":1,"featured_media":0,"parent":0,"menu_order":1,"comment_status":"open","ping_status":"open","template":"single-page.php","meta":{"footnotes":""},"class_list":["post-4886","page","type-page","status-publish","hentry"],"yoast_head":"<!-- This site is optimized with the Yoast SEO plugin v27.1.1 - https:\/\/yoast.com\/product\/yoast-seo-wordpress\/ -->\n<title>Kezd\u0151oldal - Holts\u00e1g \u00d3lom\u00fcveg - Kecskem\u00e9t<\/title>\n<meta name=\"robots\" content=\"index, follow, max-snippet:-1, max-image-preview:large, max-video-preview:-1\" \/>\n<link rel=\"canonical\" href=\"https:\/\/holtsagolomuveg.hu\/\" \/>\n<meta property=\"og:locale\" content=\"hu_HU\" \/>\n<meta property=\"og:type\" content=\"article\" \/>\n<meta property=\"og:title\" content=\"Kezd\u0151oldal - Holts\u00e1g \u00d3lom\u00fcveg - Kecskem\u00e9t\" \/>\n<meta property=\"og:description\" content=\"[super_slides] betsson\" \/>\n<meta property=\"og:url\" content=\"https:\/\/holtsagolomuveg.hu\/\" \/>\n<meta property=\"og:site_name\" content=\"Holts\u00e1g \u00d3lom\u00fcveg - Kecskem\u00e9t\" \/>\n<meta property=\"article:modified_time\" content=\"2026-03-15T13:39:54+00:00\" \/>\n<meta name=\"twitter:card\" content=\"summary_large_image\" \/>\n<script type=\"application\/ld+json\" class=\"yoast-schema-graph\">{\"@context\":\"https:\/\/schema.org\",\"@graph\":[{\"@type\":\"WebPage\",\"@id\":\"https:\/\/holtsagolomuveg.hu\/\",\"url\":\"https:\/\/holtsagolomuveg.hu\/\",\"name\":\"Kezd\u0151oldal - Holts\u00e1g \u00d3lom\u00fcveg - Kecskem\u00e9t\",\"isPartOf\":{\"@id\":\"https:\/\/holtsagolomuveg.hu\/#website\"},\"datePublished\":\"2015-11-01T15:28:42+00:00\",\"dateModified\":\"2026-03-15T13:39:54+00:00\",\"breadcrumb\":{\"@id\":\"https:\/\/holtsagolomuveg.hu\/#breadcrumb\"},\"inLanguage\":\"hu\",\"potentialAction\":[{\"@type\":\"ReadAction\",\"target\":[\"https:\/\/holtsagolomuveg.hu\/\"]}]},{\"@type\":\"BreadcrumbList\",\"@id\":\"https:\/\/holtsagolomuveg.hu\/#breadcrumb\",\"itemListElement\":[{\"@type\":\"ListItem\",\"position\":1,\"name\":\"Kezd\u0151lap\",\"item\":\"https:\/\/holtsagolomuveg.hu\/\"},{\"@type\":\"ListItem\",\"position\":2,\"name\":\"Kezd\u0151oldal\"}]},{\"@type\":\"WebSite\",\"@id\":\"https:\/\/holtsagolomuveg.hu\/#website\",\"url\":\"https:\/\/holtsagolomuveg.hu\/\",\"name\":\"Holts\u00e1g \u00d3lom\u00fcveg - Kecskem\u00e9t\",\"description\":\"Holts\u00e1g \u00d3lom\u00fcveg - Kecskem\u00e9t - K\u00e9sz\u00edt\u00fcnk  Tiffany l\u00e1mp\u00e1kat, falikarokat, d\u00edszt\u00e1rgyakat modern \u00e9s klasszikus st\u00edlusban\",\"potentialAction\":[{\"@type\":\"SearchAction\",\"target\":{\"@type\":\"EntryPoint\",\"urlTemplate\":\"https:\/\/holtsagolomuveg.hu\/?s={search_term_string}\"},\"query-input\":{\"@type\":\"PropertyValueSpecification\",\"valueRequired\":true,\"valueName\":\"search_term_string\"}}],\"inLanguage\":\"hu\"}]}<\/script>\n<!-- \/ Yoast SEO plugin. -->","yoast_head_json":{"title":"Kezd\u0151oldal - Holts\u00e1g \u00d3lom\u00fcveg - Kecskem\u00e9t","robots":{"index":"index","follow":"follow","max-snippet":"max-snippet:-1","max-image-preview":"max-image-preview:large","max-video-preview":"max-video-preview:-1"},"canonical":"https:\/\/holtsagolomuveg.hu\/","og_locale":"hu_HU","og_type":"article","og_title":"Kezd\u0151oldal - Holts\u00e1g \u00d3lom\u00fcveg - Kecskem\u00e9t","og_description":"[super_slides] betsson","og_url":"https:\/\/holtsagolomuveg.hu\/","og_site_name":"Holts\u00e1g \u00d3lom\u00fcveg - Kecskem\u00e9t","article_modified_time":"2026-03-15T13:39:54+00:00","twitter_card":"summary_large_image","schema":{"@context":"https:\/\/schema.org","@graph":[{"@type":"WebPage","@id":"https:\/\/holtsagolomuveg.hu\/","url":"https:\/\/holtsagolomuveg.hu\/","name":"Kezd\u0151oldal - Holts\u00e1g \u00d3lom\u00fcveg - Kecskem\u00e9t","isPartOf":{"@id":"https:\/\/holtsagolomuveg.hu\/#website"},"datePublished":"2015-11-01T15:28:42+00:00","dateModified":"2026-03-15T13:39:54+00:00","breadcrumb":{"@id":"https:\/\/holtsagolomuveg.hu\/#breadcrumb"},"inLanguage":"hu","potentialAction":[{"@type":"ReadAction","target":["https:\/\/holtsagolomuveg.hu\/"]}]},{"@type":"BreadcrumbList","@id":"https:\/\/holtsagolomuveg.hu\/#breadcrumb","itemListElement":[{"@type":"ListItem","position":1,"name":"Kezd\u0151lap","item":"https:\/\/holtsagolomuveg.hu\/"},{"@type":"ListItem","position":2,"name":"Kezd\u0151oldal"}]},{"@type":"WebSite","@id":"https:\/\/holtsagolomuveg.hu\/#website","url":"https:\/\/holtsagolomuveg.hu\/","name":"Holts\u00e1g \u00d3lom\u00fcveg - Kecskem\u00e9t","description":"Holts\u00e1g \u00d3lom\u00fcveg - Kecskem\u00e9t - K\u00e9sz\u00edt\u00fcnk  Tiffany l\u00e1mp\u00e1kat, falikarokat, d\u00edszt\u00e1rgyakat modern \u00e9s klasszikus st\u00edlusban","potentialAction":[{"@type":"SearchAction","target":{"@type":"EntryPoint","urlTemplate":"https:\/\/holtsagolomuveg.hu\/?s={search_term_string}"},"query-input":{"@type":"PropertyValueSpecification","valueRequired":true,"valueName":"search_term_string"}}],"inLanguage":"hu"}]}},"_links":{"self":[{"href":"https:\/\/holtsagolomuveg.hu\/index.php?rest_route=\/wp\/v2\/pages\/4886","targetHints":{"allow":["GET"]}}],"collection":[{"href":"https:\/\/holtsagolomuveg.hu\/index.php?rest_route=\/wp\/v2\/pages"}],"about":[{"href":"https:\/\/holtsagolomuveg.hu\/index.php?rest_route=\/wp\/v2\/types\/page"}],"author":[{"embeddable":true,"href":"https:\/\/holtsagolomuveg.hu\/index.php?rest_route=\/wp\/v2\/users\/1"}],"replies":[{"embeddable":true,"href":"https:\/\/holtsagolomuveg.hu\/index.php?rest_route=%2Fwp%2Fv2%2Fcomments&post=4886"}],"version-history":[{"count":3,"href":"https:\/\/holtsagolomuveg.hu\/index.php?rest_route=\/wp\/v2\/pages\/4886\/revisions"}],"predecessor-version":[{"id":17597,"href":"https:\/\/holtsagolomuveg.hu\/index.php?rest_route=\/wp\/v2\/pages\/4886\/revisions\/17597"}],"wp:attachment":[{"href":"https:\/\/holtsagolomuveg.hu\/index.php?rest_route=%2Fwp%2Fv2%2Fmedia&parent=4886"}],"curies":[{"name":"wp","href":"https:\/\/api.w.org\/{rel}","templated":true}]}}